{"id":480,"date":"2025-02-02T09:43:39","date_gmt":"2025-02-02T08:43:39","guid":{"rendered":"https:\/\/www.lallunarestaurant.cat\/?page_id=480"},"modified":"2025-02-02T09:53:29","modified_gmt":"2025-02-02T08:53:29","slug":"video-plats","status":"publish","type":"page","link":"https:\/\/www.lallunarestaurant.cat\/ca\/video-plats\/","title":{"rendered":"Videos"},"content":{"rendered":"<p>A <strong>La Lluna Restaurant &amp; Cafeteria<\/strong>, cada plat explica una hist\u00f2ria, un viatge de sabors que combina el millor de la gastronomia llatinoamericana amb les tradicions de Torroella de Montgr\u00ed. Volem que ens coneguis de m\u00e9s a prop, per aix\u00f2 hem preparat aquests v\u00eddeos per mostrar-te all\u00f2 que ens fa \u00fanics.<\/p>\n\n\n\n<p>Descobreix les nostres especialitats i vine a tastar-les en persona. <strong>T\u2019esperem!<\/strong><\/p>\n\n\n\n<h3 class=\"wp-block-heading\">\ud83e\udd56 <strong>Entrepans La Lluna \u2013 Petits plaers plens de sabor<\/strong><\/h3>\n\n\n\n<p>Un bon entrep\u00e0 \u00e9s l\u2019equilibri perfecte entre ingredients frescos, pa cruixent i combinacions irresistibles. En aquest v\u00eddeo, et mostrem algunes de les nostres especialitats. <strong>Quin ser\u00e0 el teu preferit?<\/strong><\/p>\n\n\n\n<figure class=\"wp-block-embed is-type-video is-provider-youtube wp-block-embed-youtube wp-embed-aspect-16-9 wp-has-aspect-ratio\"><div class=\"wp-block-embed__wrapper\">\n<iframe loading=\"lazy\" title=\"\ud83c\udf19\u2728 Bocadillos La Lluna \u2013 \u00a1Sabor y tradici\u00f3n en cada bocado! \ud83e\udd56\ud83d\udd25\" width=\"640\" height=\"360\" src=\"https:\/\/www.youtube.com\/embed\/ZVxjE0Aqep4?feature=oembed\" frameborder=\"0\" allow=\"accelerometer; autoplay; clipboard-write; encrypted-media; gyroscope; picture-in-picture; web-share\" referrerpolicy=\"strict-origin-when-cross-origin\" allowfullscreen><\/iframe>\n<\/div><\/figure>\n\n\n\n<h3 class=\"wp-block-heading\">\ud83c\udf7d\ufe0f <strong>Plats de la Casa \u2013 Tradici\u00f3 i sabor a cada mos<\/strong><\/h3>\n\n\n\n<p>Els nostres <strong>Plats de la Casa<\/strong> representen el millor de la nostra cuina: receptes plenes d\u2019hist\u00f2ria i sabor que enamoren a tothom qui ens visita. Vine a tastar-los i descobreix per qu\u00e8 s\u00f3n els m\u00e9s demanats.<\/p>\n\n\n\n<figure class=\"wp-block-embed is-type-video is-provider-youtube wp-block-embed-youtube wp-embed-aspect-16-9 wp-has-aspect-ratio\"><div class=\"wp-block-embed__wrapper\">\n<iframe loading=\"lazy\" title=\"\ud83c\udf7d\ufe0f\u2728 Platos de la Casa 2025 \u2013 Sabores que enamoran | La Lluna Restaurant \ud83c\udf19\" width=\"640\" height=\"360\" src=\"https:\/\/www.youtube.com\/embed\/EhKmkcTyvpo?feature=oembed\" frameborder=\"0\" allow=\"accelerometer; autoplay; clipboard-write; encrypted-media; gyroscope; picture-in-picture; web-share\" referrerpolicy=\"strict-origin-when-cross-origin\" allowfullscreen><\/iframe>\n<\/div><\/figure>\n\n\n\n<h3 class=\"wp-block-heading\">\ud83e\udd58 <strong>Racions La Lluna \u2013 El plaer de compartir<\/strong><\/h3>\n\n\n\n<p>Sabem que el menjar es gaudeix encara m\u00e9s quan \u00e9s per compartir. En aquest v\u00eddeo, et presentem les nostres racions, ideals per a trobades amb amics o fam\u00edlia. <strong>Aut\u00e8ntic sabor en cada plat.<\/strong><\/p>\n\n\n\n<figure class=\"wp-block-embed is-type-video is-provider-youtube wp-block-embed-youtube wp-embed-aspect-16-9 wp-has-aspect-ratio\"><div class=\"wp-block-embed__wrapper\">\n<iframe loading=\"lazy\" title=\"\ud83c\udf7d\ufe0f\u2728 Raciones La Lluna \u2013 Sabor para compartir | La Lluna Restaurant \ud83c\udf19\" width=\"640\" height=\"360\" src=\"https:\/\/www.youtube.com\/embed\/OEUrGW4qymw?feature=oembed\" frameborder=\"0\" allow=\"accelerometer; autoplay; clipboard-write; encrypted-media; gyroscope; picture-in-picture; web-share\" referrerpolicy=\"strict-origin-when-cross-origin\" allowfullscreen><\/iframe>\n<\/div><\/figure>\n\n\n\n<h3 class=\"wp-block-heading\">\ud83c\udf1f <strong>Plats Recomanats \u2013 Els favorits dels nostres clients<\/strong><\/h3>\n\n\n\n<p>No saps qu\u00e8 demanar? T\u2019ho posem f\u00e0cil. En aquest v\u00eddeo, et mostrem els plats m\u00e9s recomanats de La Lluna, aquells que conquisten els nostres comensals una vegada i una altra. <strong>Vine i tasta\u2019ls!<\/strong><\/p>\n\n\n\n<figure class=\"wp-block-embed is-type-video is-provider-youtube wp-block-embed-youtube wp-embed-aspect-16-9 wp-has-aspect-ratio\"><div class=\"wp-block-embed__wrapper\">\n<iframe loading=\"lazy\" title=\"\ud83c\udf7d\ufe0f\u2728 Nuestros Platos Recomendados \u2013 La Lluna Restaurant \ud83c\udf19\ud83d\udd25\" width=\"640\" height=\"360\" src=\"https:\/\/www.youtube.com\/embed\/xb8AA_XAhT0?feature=oembed\" frameborder=\"0\" allow=\"accelerometer; autoplay; clipboard-write; encrypted-media; gyroscope; picture-in-picture; web-share\" referrerpolicy=\"strict-origin-when-cross-origin\" allowfullscreen><\/iframe>\n<\/div><\/figure>\n\n\n\n<p><\/p>\n\n\n\n<p>\ud83d\udccd Visita&#8217;ns a Torroella de Montgr\u00ed i viu l&#8217;experi\u00e8ncia La Lluna.<br>\ud83d\udc4d <a href=\"https:\/\/www.youtube.com\/@LaLlunaRestaurant\/videos\" target=\"_blank\" data-type=\"link\" data-id=\"https:\/\/www.youtube.com\/@LaLlunaRestaurant\/videos\" rel=\"noreferrer noopener\">Subscriu-te al nostre canal de YouTube<\/a> i no et perdis cap novetat.<\/p>","protected":false},"excerpt":{"rendered":"<p>A La Lluna Restaurant &amp; Cafeteria, cada plat explica una hist\u00f2ria, un viatge de sabors que combina el millor de la gastronomia llatinoamericana amb les tradicions de Torroella de Montgr\u00ed. Volem que ens coneguis de m\u00e9s a prop, per aix\u00f2 hem preparat aquests v\u00eddeos per mostrar-te all\u00f2 que ens fa \u00fanics. Descobreix les nostres especialitats [&hellip;]<\/p>","protected":false},"author":1,"featured_media":0,"parent":0,"menu_order":0,"comment_status":"closed","ping_status":"closed","template":"","meta":{"footnotes":""},"class_list":["post-480","page","type-page","status-publish","hentry"],"_links":{"self":[{"href":"https:\/\/www.lallunarestaurant.cat\/ca\/wp-json\/wp\/v2\/pages\/480","targetHints":{"allow":["GET"]}}],"collection":[{"href":"https:\/\/www.lallunarestaurant.cat\/ca\/wp-json\/wp\/v2\/pages"}],"about":[{"href":"https:\/\/www.lallunarestaurant.cat\/ca\/wp-json\/wp\/v2\/types\/page"}],"author":[{"embeddable":true,"href":"https:\/\/www.lallunarestaurant.cat\/ca\/wp-json\/wp\/v2\/users\/1"}],"replies":[{"embeddable":true,"href":"https:\/\/www.lallunarestaurant.cat\/ca\/wp-json\/wp\/v2\/comments?post=480"}],"version-history":[{"count":3,"href":"https:\/\/www.lallunarestaurant.cat\/ca\/wp-json\/wp\/v2\/pages\/480\/revisions"}],"predecessor-version":[{"id":488,"href":"https:\/\/www.lallunarestaurant.cat\/ca\/wp-json\/wp\/v2\/pages\/480\/revisions\/488"}],"wp:attachment":[{"href":"https:\/\/www.lallunarestaurant.cat\/ca\/wp-json\/wp\/v2\/media?parent=480"}],"curies":[{"name":"wp","href":"https:\/\/api.w.org\/{rel}","templated":true}]}}