{"id":133,"date":"2024-08-12T09:46:39","date_gmt":"2024-08-12T07:46:39","guid":{"rendered":"https:\/\/www.lallunarestaurant.cat\/?page_id=133"},"modified":"2024-09-06T13:28:51","modified_gmt":"2024-09-06T11:28:51","slug":"politica-de-privacitat","status":"publish","type":"page","link":"https:\/\/www.lallunarestaurant.cat\/ca\/politica-de-privacitat\/","title":{"rendered":"Pol\u00edtica de Privacitat"},"content":{"rendered":"<p><\/p>\n\n\n\n<p><strong>Responsable del Tractament:<\/strong><\/p>\n\n\n\n<ul class=\"wp-block-list\">\n<li><strong>Nom:<\/strong> La Lluna Restaurant<\/li>\n\n\n\n<li><strong>Adre\u00e7a:<\/strong> Pla\u00e7a d&#8217;Espanya, 15, 17257 Torroella de Montgr\u00ed, Girona<\/li>\n\n\n\n<li><strong>Email:<\/strong> <a>info@lallunarestaurant.cat<\/a><\/li>\n<\/ul>\n\n\n\n<p><strong>Finalitat del tractament:<\/strong> Les dades personals que es recullen en aquesta web seran utilitzades \u00fanicament per a la gesti\u00f3 de reserves, enviament d&#8217;informaci\u00f3 sol\u00b7licitada i, si escau, per a l&#8217;enviament de comunicacions comercials sobre els nostres serveis.<\/p>\n\n\n\n<p><strong>Legitimaci\u00f3:<\/strong> La base legal per al tractament de les seves dades \u00e9s el consentiment de l&#8217;interessat. Amb car\u00e0cter general, les relacions amb els nostres clients, que es derivin de la prestaci\u00f3 dels serveis continguts en la nostra web, estan sotmeses a la legislaci\u00f3 i la jurisdicci\u00f3 espanyola.<\/p>\n\n\n\n<p>Els usuaris de la nostra web s\u00f3n conscients de tot l&#8217;exposat i ho accepten volunt\u00e0riament.<\/p>\n\n\n\n<p><strong>Conservaci\u00f3 de les dades:<\/strong> Les dades personals es conservaran durant el temps necessari per complir amb la finalitat per a la qual es recullen i per determinar les possibles responsabilitats que se&#8217;n puguin derivar.<\/p>\n\n\n\n<p><strong>Drets de l&#8217;usuari:<\/strong> Els usuaris poden exercir els seus drets d&#8217;acc\u00e9s, rectificaci\u00f3, cancel\u00b7laci\u00f3, oposici\u00f3, limitaci\u00f3 i portabilitat mitjan\u00e7ant sol\u00b7licitud escrita a <a>info@lallunarestaurant.cat<\/a>.<\/p>\n\n\n\n<p><strong>Mesures de seguretat:<\/strong> La Lluna Restaurant es compromet a protegir la informaci\u00f3 personal dels seus usuaris mitjan\u00e7ant l&#8217;adopci\u00f3 de les mesures de seguretat t\u00e8cniques i organitzatives necess\u00e0ries.<\/p>","protected":false},"excerpt":{"rendered":"<p>Responsable del Tractament: Finalitat del tractament: Les dades personals que es recullen en aquesta web seran utilitzades \u00fanicament per a la gesti\u00f3 de reserves, enviament d&#8217;informaci\u00f3 sol\u00b7licitada i, si escau, per a l&#8217;enviament de comunicacions comercials sobre els nostres serveis. Legitimaci\u00f3: La base legal per al tractament de les seves dades \u00e9s el consentiment de [&hellip;]<\/p>","protected":false},"author":1,"featured_media":0,"parent":0,"menu_order":0,"comment_status":"closed","ping_status":"closed","template":"","meta":{"footnotes":""},"class_list":["post-133","page","type-page","status-publish","hentry"],"_links":{"self":[{"href":"https:\/\/www.lallunarestaurant.cat\/ca\/wp-json\/wp\/v2\/pages\/133","targetHints":{"allow":["GET"]}}],"collection":[{"href":"https:\/\/www.lallunarestaurant.cat\/ca\/wp-json\/wp\/v2\/pages"}],"about":[{"href":"https:\/\/www.lallunarestaurant.cat\/ca\/wp-json\/wp\/v2\/types\/page"}],"author":[{"embeddable":true,"href":"https:\/\/www.lallunarestaurant.cat\/ca\/wp-json\/wp\/v2\/users\/1"}],"replies":[{"embeddable":true,"href":"https:\/\/www.lallunarestaurant.cat\/ca\/wp-json\/wp\/v2\/comments?post=133"}],"version-history":[{"count":2,"href":"https:\/\/www.lallunarestaurant.cat\/ca\/wp-json\/wp\/v2\/pages\/133\/revisions"}],"predecessor-version":[{"id":334,"href":"https:\/\/www.lallunarestaurant.cat\/ca\/wp-json\/wp\/v2\/pages\/133\/revisions\/334"}],"wp:attachment":[{"href":"https:\/\/www.lallunarestaurant.cat\/ca\/wp-json\/wp\/v2\/media?parent=133"}],"curies":[{"name":"wp","href":"https:\/\/api.w.org\/{rel}","templated":true}]}}