{"id":131,"date":"2024-08-12T09:43:00","date_gmt":"2024-08-12T07:43:00","guid":{"rendered":"https:\/\/www.lallunarestaurant.cat\/?page_id=131"},"modified":"2024-09-06T13:24:30","modified_gmt":"2024-09-06T11:24:30","slug":"politica-cookies","status":"publish","type":"page","link":"https:\/\/www.lallunarestaurant.cat\/ca\/politica-cookies\/","title":{"rendered":"Pol\u00edtica de Cookies"},"content":{"rendered":"<p><\/p>\n\n\n\n<p><strong>\u00das de cookies:<\/strong> La Lluna Restaurant utilitza cookies pr\u00f2pies i de tercers per millorar l&#8217;experi\u00e8ncia de l&#8217;usuari i analitzar l&#8217;\u00fas del lloc web.<\/p>\n\n\n\n<p><strong>Tipus de cookies:<\/strong><\/p>\n\n\n\n<ul class=\"wp-block-list\">\n<li><strong>Cookies t\u00e8cniques:<\/strong> Necess\u00e0ries per al funcionament del lloc web.<\/li>\n\n\n\n<li><strong>Cookies d\u2019an\u00e0lisi:<\/strong> Utilitzades per al seguiment i an\u00e0lisi del comportament dels usuaris.<\/li>\n<\/ul>\n\n\n\n<p><strong>Gesti\u00f3 de cookies:<\/strong> Els usuaris poden configurar el seu navegador per bloquejar o eliminar les cookies, tot i que en aquest cas, algunes funcionalitats del web podrien no estar disponibles.<\/p>\n\n\n\n<p><strong>Consentiment:<\/strong> En continuar navegant per la nostra web, l&#8217;usuari accepta l&#8217;\u00fas de cookies conforme a aquesta pol\u00edtica. Per a m\u00e9s informaci\u00f3 o per canviar la configuraci\u00f3 de cookies, l&#8217;usuari pot adre\u00e7ar-se a la secci\u00f3 corresponent en el seu navegador.<\/p>\n\n\n\n<p>Per a qualsevol consulta addicional sobre la nostra pol\u00edtica de cookies, podeu contactar-nos a trav\u00e9s de l&#8217;email <a>info@lallunarestaurant.cat<\/a>.<\/p>\n\n\n\n<p><\/p>","protected":false},"excerpt":{"rendered":"<p>\u00das de cookies: La Lluna Restaurant utilitza cookies pr\u00f2pies i de tercers per millorar l&#8217;experi\u00e8ncia de l&#8217;usuari i analitzar l&#8217;\u00fas del lloc web. Tipus de cookies: Gesti\u00f3 de cookies: Els usuaris poden configurar el seu navegador per bloquejar o eliminar les cookies, tot i que en aquest cas, algunes funcionalitats del web podrien no estar [&hellip;]<\/p>","protected":false},"author":1,"featured_media":0,"parent":0,"menu_order":0,"comment_status":"closed","ping_status":"closed","template":"","meta":{"footnotes":""},"class_list":["post-131","page","type-page","status-publish","hentry"],"_links":{"self":[{"href":"https:\/\/www.lallunarestaurant.cat\/ca\/wp-json\/wp\/v2\/pages\/131","targetHints":{"allow":["GET"]}}],"collection":[{"href":"https:\/\/www.lallunarestaurant.cat\/ca\/wp-json\/wp\/v2\/pages"}],"about":[{"href":"https:\/\/www.lallunarestaurant.cat\/ca\/wp-json\/wp\/v2\/types\/page"}],"author":[{"embeddable":true,"href":"https:\/\/www.lallunarestaurant.cat\/ca\/wp-json\/wp\/v2\/users\/1"}],"replies":[{"embeddable":true,"href":"https:\/\/www.lallunarestaurant.cat\/ca\/wp-json\/wp\/v2\/comments?post=131"}],"version-history":[{"count":3,"href":"https:\/\/www.lallunarestaurant.cat\/ca\/wp-json\/wp\/v2\/pages\/131\/revisions"}],"predecessor-version":[{"id":331,"href":"https:\/\/www.lallunarestaurant.cat\/ca\/wp-json\/wp\/v2\/pages\/131\/revisions\/331"}],"wp:attachment":[{"href":"https:\/\/www.lallunarestaurant.cat\/ca\/wp-json\/wp\/v2\/media?parent=131"}],"curies":[{"name":"wp","href":"https:\/\/api.w.org\/{rel}","templated":true}]}}