{"id":129,"date":"2024-08-12T09:41:05","date_gmt":"2024-08-12T07:41:05","guid":{"rendered":"https:\/\/www.lallunarestaurant.cat\/?page_id=129"},"modified":"2024-09-08T10:12:09","modified_gmt":"2024-09-08T08:12:09","slug":"nosaltres","status":"publish","type":"page","link":"https:\/\/www.lallunarestaurant.cat\/ca\/nosaltres\/","title":{"rendered":"Nosaltres"},"content":{"rendered":"<p><\/p>\n\n\n\n<p>On cada \u00e0pat \u00e9s una celebraci\u00f3 de sabor, tradici\u00f3 i qualitat.<\/p>\n\n\n\n<p>A <strong>La Lluna<\/strong>, combinem el millor de la gastronomia llatinoamericana amb els costums culinaris de Torroella de Montgr\u00ed, oferint una experi\u00e8ncia que connecta all\u00f2 tradicional amb all\u00f2 innovador. <\/p>\n\n\n\n<p>Descobreix m\u00e9s sobre la nostra hist\u00f2ria, missi\u00f3 i equip, i deixa que la nostra passi\u00f3 per la cuina t&#8217;acompanyi a cada visita.<\/p>\n\n\n\n<hr class=\"wp-block-separator has-alpha-channel-opacity\"\/>\n\n\n\n<p><strong>La Nostra Hist\u00f2ria<\/strong> <\/p>\n\n\n\n<p><strong>La Lluna Restaurant &amp; Cafeteria<\/strong> \u00e9s un negoci familiar que ha recuperat l\u00b4ess\u00e8ncia de l&#8217;antiga cafeteria La Lluna, un lloc molt conegut i estimat a Torroella de Montgr\u00ed. Des que vam obrir les nostres portes el 2023, ens hem dedicat a oferir plats que fusionen la rica tradici\u00f3 culin\u00e0ria de la zona amb el millor de la gastronomia llatinoamericana. Volem que els nostres clients se sentin com a casa mentre gaudeixen de sabors \u00fanics en un entorn familiar i acollidor.<\/p>\n\n\n\n<hr class=\"wp-block-separator has-alpha-channel-opacity\"\/>\n\n\n\n<p><strong>La Nostra Missi\u00f3<\/strong> <\/p>\n\n\n\n<p>A La Lluna, la nostra missi\u00f3 \u00e9s <strong>apropar la riquesa de la gastronomia llatinoamericana als nostres amics<\/strong> i clients, adaptant-nos sempre als vostres gustos i prefer\u00e8ncies. Creiem que el menjar \u00e9s un pont entre cultures, i per aix\u00f2 cada plat \u00e9s una invitaci\u00f3 a compartir, gaudir i crear records inoblidables amb amics i \u00e9ssers estimats.<\/p>\n\n\n\n<hr class=\"wp-block-separator has-alpha-channel-opacity\"\/>\n\n\n\n<p><strong>El Nostre Equip<\/strong> <\/p>\n\n\n\n<p>Comptem amb un equip d\u00b4apassionats per la cuina, compromesos en oferir una experi\u00e8ncia culin\u00e0ria excepcional. Des dels nostres xefs fins al nostre equip de servei, tots a La Lluna treballem amb l&#8217;objectiu de <strong>superar les expectatives dels nostres clients a cada visita<\/strong>, posant atenci\u00f3 a cada detall i sempre amb un somriure.<\/p>\n\n\n\n<p><strong>Els Nostres Valors<\/strong> <\/p>\n\n\n\n<p>Cada dia a La Lluna \u00e9s una nova oportunitat per compartir sabors, descobrir gustos nous i gaudir de la companyia d&#8217;amics. Aquests s\u00f3n els valors que guien la nostra feina:<\/p>\n\n\n\n<ul class=\"wp-block-list\">\n<li><strong>Qualitat<\/strong>: Nom\u00e9s treballem amb els millors ingredients per garantir que cada plat reflecteixi la nostra passi\u00f3 per excel\u00b7l\u00e8ncia.<\/li>\n\n\n\n<li><strong>Innovaci\u00f3<\/strong>: Busquem sorprendre&#8217;t cont\u00ednuament amb propostes creatives i inspirades en les tradicions culin\u00e0ries d&#8217;Am\u00e8rica Llatina i de la nostra regi\u00f3.<\/li>\n\n\n\n<li><strong>Sostenibilitat<\/strong>: Estem compromesos amb pr\u00e0ctiques responsables que ajudin a reduir el nostre impacte ambiental.<\/li>\n\n\n\n<li><strong>Comunitat<\/strong>: Valorem profundament la nostra relaci\u00f3 amb els clients, prove\u00efdors i la comunitat de Torroella de Montgr\u00ed. <\/li>\n<\/ul>\n\n\n\n<hr class=\"wp-block-separator has-alpha-channel-opacity\"\/>\n\n\n\n<p><strong>Testimonis<\/strong> <\/p>\n\n\n\n<p>Al llarg dels anys, els nostres clients han estat la nostra font d&#8217;inspiraci\u00f3 i gratitud m\u00e9s gran.<\/p>\n\n\n\n<p>Aqu\u00ed alguns dels vostres comentaris:<\/p>\n\n\n\n<blockquote class=\"wp-block-quote is-layout-flow wp-block-quote-is-layout-flow\">\n<p>\u00abEl lugar ideal para disfrutar de una comida deliciosa en un ambiente familiar. \u00a1Repetiremos seguro!\u00bb<\/p>\n<\/blockquote>\n\n\n\n<blockquote class=\"wp-block-quote is-layout-flow wp-block-quote-is-layout-flow\">\n<p>\u00abLa Lluna es mucho m\u00e1s que un restaurante, es un punto de encuentro donde siempre nos sentimos bienvenidos.\u00bb<\/p>\n<\/blockquote>\n\n\n\n<hr class=\"wp-block-separator has-alpha-channel-opacity\"\/>\n\n\n\n<p><strong>Contacta&#8217;ns<\/strong> <\/p>\n\n\n\n<p>Tens preguntes o desitges m\u00e9s informaci\u00f3 sobre el nostre restaurant? No dubtis a contactar-nos. Per a consultes de premsa, informaci\u00f3 corporativa o comercial, pots escriure&#8217;n a <a>info@lallunarestaurant.cat<\/a><\/p>\n\n\n\n<p>Si tens alguna pregunta o desitges m\u00e9s informaci\u00f3 sobre el nostre restaurant, no dubtis a contactar-nos.<\/p>","protected":false},"excerpt":{"rendered":"<p>On cada \u00e0pat \u00e9s una celebraci\u00f3 de sabor, tradici\u00f3 i qualitat. A La Lluna, combinem el millor de la gastronomia llatinoamericana amb els costums culinaris de Torroella de Montgr\u00ed, oferint una experi\u00e8ncia que connecta all\u00f2 tradicional amb all\u00f2 innovador. Descobreix m\u00e9s sobre la nostra hist\u00f2ria, missi\u00f3 i equip, i deixa que la nostra passi\u00f3 per [&hellip;]<\/p>","protected":false},"author":1,"featured_media":0,"parent":0,"menu_order":0,"comment_status":"closed","ping_status":"closed","template":"","meta":{"footnotes":""},"class_list":["post-129","page","type-page","status-publish","hentry"],"_links":{"self":[{"href":"https:\/\/www.lallunarestaurant.cat\/ca\/wp-json\/wp\/v2\/pages\/129","targetHints":{"allow":["GET"]}}],"collection":[{"href":"https:\/\/www.lallunarestaurant.cat\/ca\/wp-json\/wp\/v2\/pages"}],"about":[{"href":"https:\/\/www.lallunarestaurant.cat\/ca\/wp-json\/wp\/v2\/types\/page"}],"author":[{"embeddable":true,"href":"https:\/\/www.lallunarestaurant.cat\/ca\/wp-json\/wp\/v2\/users\/1"}],"replies":[{"embeddable":true,"href":"https:\/\/www.lallunarestaurant.cat\/ca\/wp-json\/wp\/v2\/comments?post=129"}],"version-history":[{"count":2,"href":"https:\/\/www.lallunarestaurant.cat\/ca\/wp-json\/wp\/v2\/pages\/129\/revisions"}],"predecessor-version":[{"id":365,"href":"https:\/\/www.lallunarestaurant.cat\/ca\/wp-json\/wp\/v2\/pages\/129\/revisions\/365"}],"wp:attachment":[{"href":"https:\/\/www.lallunarestaurant.cat\/ca\/wp-json\/wp\/v2\/media?parent=129"}],"curies":[{"name":"wp","href":"https:\/\/api.w.org\/{rel}","templated":true}]}}