{"id":127,"date":"2024-08-12T09:35:51","date_gmt":"2024-08-12T07:35:51","guid":{"rendered":"https:\/\/www.lallunarestaurant.cat\/?page_id=127"},"modified":"2024-09-11T09:37:48","modified_gmt":"2024-09-11T07:37:48","slug":"informacio-legal","status":"publish","type":"page","link":"https:\/\/www.lallunarestaurant.cat\/ca\/informacio-legal\/","title":{"rendered":"Informaci\u00f3 legal"},"content":{"rendered":"<p><\/p>\n\n\n\n<p><strong>Dades de l&#8217;empresa:<\/strong><\/p>\n\n\n\n<ul class=\"wp-block-list\">\n<li><strong>Nom:<\/strong> La Lluna Restaurant<\/li>\n\n\n\n<li><strong>Adre\u00e7a:<\/strong> Pla\u00e7a d&#8217;Espanya, 15, 17257 Torroella de Montgr\u00ed, Girona<\/li>\n\n\n\n<li><strong>Tel\u00e8fon:<\/strong> 660764845<\/li>\n\n\n\n<li><strong>Correu electr\u00f2nic:<\/strong> <a>info@lallunarestaurant.cat<\/a><\/li>\n<\/ul>\n\n\n\n<p><strong>Propietat intel\u00b7lectual:<\/strong> Tot el contingut d&#8217;aquesta web, incloent-hi textos, imatges i dissenys, \u00e9s propietat de La Lluna Restaurant. Queda prohibida la seva reproducci\u00f3 total o parcial sense autoritzaci\u00f3 expressa.<\/p>\n\n\n\n<p><strong>Responsabilitat:<\/strong> La Lluna Restaurant no es responsabilitza del mal \u00fas dels continguts del seu web i es reserva el dret d&#8217;actualitzar-los, eliminar-los, limitar o impedir l&#8217;acc\u00e9s a ells, de manera temporal o definitiva.<\/p>","protected":false},"excerpt":{"rendered":"<p>Dades de l&#8217;empresa: Propietat intel\u00b7lectual: Tot el contingut d&#8217;aquesta web, incloent-hi textos, imatges i dissenys, \u00e9s propietat de La Lluna Restaurant. Queda prohibida la seva reproducci\u00f3 total o parcial sense autoritzaci\u00f3 expressa. Responsabilitat: La Lluna Restaurant no es responsabilitza del mal \u00fas dels continguts del seu web i es reserva el dret d&#8217;actualitzar-los, eliminar-los, limitar [&hellip;]<\/p>","protected":false},"author":1,"featured_media":0,"parent":0,"menu_order":0,"comment_status":"closed","ping_status":"closed","template":"","meta":{"footnotes":""},"class_list":["post-127","page","type-page","status-publish","hentry"],"_links":{"self":[{"href":"https:\/\/www.lallunarestaurant.cat\/ca\/wp-json\/wp\/v2\/pages\/127","targetHints":{"allow":["GET"]}}],"collection":[{"href":"https:\/\/www.lallunarestaurant.cat\/ca\/wp-json\/wp\/v2\/pages"}],"about":[{"href":"https:\/\/www.lallunarestaurant.cat\/ca\/wp-json\/wp\/v2\/types\/page"}],"author":[{"embeddable":true,"href":"https:\/\/www.lallunarestaurant.cat\/ca\/wp-json\/wp\/v2\/users\/1"}],"replies":[{"embeddable":true,"href":"https:\/\/www.lallunarestaurant.cat\/ca\/wp-json\/wp\/v2\/comments?post=127"}],"version-history":[{"count":3,"href":"https:\/\/www.lallunarestaurant.cat\/ca\/wp-json\/wp\/v2\/pages\/127\/revisions"}],"predecessor-version":[{"id":395,"href":"https:\/\/www.lallunarestaurant.cat\/ca\/wp-json\/wp\/v2\/pages\/127\/revisions\/395"}],"wp:attachment":[{"href":"https:\/\/www.lallunarestaurant.cat\/ca\/wp-json\/wp\/v2\/media?parent=127"}],"curies":[{"name":"wp","href":"https:\/\/api.w.org\/{rel}","templated":true}]}}